{"id":884,"date":"2023-07-12T15:50:21","date_gmt":"2023-07-12T13:50:21","guid":{"rendered":"http:\/\/jagdverband-hainichen.de\/?page_id=884"},"modified":"2026-04-08T10:36:11","modified_gmt":"2026-04-08T08:36:11","slug":"news","status":"publish","type":"page","link":"https:\/\/jagdverband-hainichen.de\/","title":{"rendered":"NEWS"},"content":{"rendered":"\n<h2 class=\"wp-block-heading has-luminous-vivid-amber-color has-text-color has-link-color wp-elements-c1522e739e7cb9fa3d69d76daa776f91\" style=\"font-size:28px\"><strong>\u201eBitte auf den Wegen bleiben!\u201c<\/strong><\/h2>\n\n\n\n<p><\/p>\n\n\n\n<div style=\"height:27px\" aria-hidden=\"true\" class=\"wp-block-spacer\"><\/div>\n\n\n\n<h2 class=\"wp-block-heading\"><strong>J\u00e4ger und Ornithologen werben um R\u00fccksicht auf die Kinderstube der Wildtiere und V\u00f6gel<\/strong><\/h2>\n\n\n\n<p class=\"has-medium-font-size\">Um R\u00fccksicht auf Gelege, Kitze und Frischlinge im Fr\u00fchjahr bittet der Vorsitzende des Hainichener Jagdverbands Andreas Brandt. In Feld und Wald sei jetzt alles auf Br\u00fcten und Setzen eingestellt. Den Anfang haben im Februar schon die Dachse gemacht. Dann folgen die Wildschweine. \u201eEnde M\u00e4rz, Anfang April kommen die ersten Frischlinge zur Welt\u201c, sagt Brandt. \u201eSt\u00f6rt man die Bachen am Wurfkessel, k\u00f6nnen sie sehr angriffslustig sein.\u201c Etwa gleichzeitig kommen die Junghasen zur Welt und wirft die F\u00fcchsin ihre Jungen. Ab Mitte Mai legen dann die ersten Ricken ihre Kitze in den waldnahen Wiesen ab.<\/p>\n\n\n\n<figure class=\"wp-block-image size-large\"><img loading=\"lazy\" decoding=\"async\" width=\"1535\" height=\"1152\" src=\"https:\/\/jagdverband-hainichen.de\/wp-content\/uploads\/2026\/04\/PR_Setzzeit_hoch-edited.jpg\" alt=\"\" class=\"wp-image-1234\" srcset=\"https:\/\/jagdverband-hainichen.de\/wp-content\/uploads\/2026\/04\/PR_Setzzeit_hoch-edited.jpg 1535w, https:\/\/jagdverband-hainichen.de\/wp-content\/uploads\/2026\/04\/PR_Setzzeit_hoch-edited-300x225.jpg 300w, https:\/\/jagdverband-hainichen.de\/wp-content\/uploads\/2026\/04\/PR_Setzzeit_hoch-edited-1024x769.jpg 1024w\" sizes=\"auto, (max-width: 1535px) 100vw, 1535px\" \/><figcaption class=\"wp-element-caption\"><em>So wie hier im Striegistal bei Hainichen weisen jetzt J\u00e4ger auf die begonnene Brut- und Setzzeit hin.<\/em><\/figcaption><\/figure>\n\n\n\n<p class=\"has-medium-font-size\">\u201eWir bitten alle, die gerne wandern, spazieren gehen, laufen oder Rad fahren, in dieser Zeit auf den Wegen zu bleiben, sagt Brandt. Auch wo man dazu nicht verpflichtet ist, sei es sinnvoll, Hunde an die Leine zu nehmen. \u201eJunge Wildtiere k\u00f6nnen meist nicht schnell fl\u00fcchten und verleiten den bravsten Hund zum Jagen.\u201c Rehkitze und Junghasen solle man weder ber\u00fchren, noch mitnehmen. \u201eEs geht ihnen gut, auch wenn sie nicht weglaufen\u201c, wei\u00df der Naturkenner. \u201eIhre M\u00fctter kehren immer wieder zum S\u00e4ugen zur\u00fcck.<\/p>\n\n\n\n<p class=\"has-medium-font-size\">Auch Bodenbr\u00fcter sind durch freilaufende Hunde und unbedachte Wanderer gef\u00e4hrdet. Dazu geh\u00f6ren fast alle einheimischen Wasservogelarten. \u201eWenn sie ihr Nest verlassen, decken sie die Eier mit Daunenfedern und Halmen als Sichtschutz und gegen W\u00e4rmeverlust ab\u201c, sagt Jens Voigt vom Verein S\u00e4chsischer Ornithologen e. V. Fl\u00fcchteten die V\u00f6gel wegen einer St\u00f6rung, geschehe das nicht. \u201eOft geht dann das Gelege verloren oder die Eier k\u00fchlen aus.\u201c Auch Singv\u00f6gel, wie Rotkehlchen, Feldlerche oder Goldammer br\u00fcten am Boden. \u201eSchnell ist das meist unter Grasb\u00fcscheln versteckte Nest zertreten oder von einem st\u00f6bernden Hund freigelegt und zerst\u00f6rt\u201c, berichtet Voigt.<\/p>\n\n\n\n<div style=\"height:32px\" aria-hidden=\"true\" class=\"wp-block-spacer\"><\/div>\n\n\n\n<hr class=\"wp-block-separator has-alpha-channel-opacity\"\/>\n\n\n\n<div style=\"height:100px\" aria-hidden=\"true\" class=\"wp-block-spacer\"><\/div>\n\n\n\n<div class=\"wp-block-columns is-layout-flex wp-container-core-columns-is-layout-9d6595d7 wp-block-columns-is-layout-flex\">\n<div class=\"wp-block-column is-layout-flow wp-block-column-is-layout-flow\">\n<figure class=\"wp-block-image size-large\"><img loading=\"lazy\" decoding=\"async\" width=\"683\" height=\"1024\" src=\"https:\/\/jagdverband-hainichen.de\/wp-content\/uploads\/2026\/03\/Artenschutz-1-683x1024.jpeg\" alt=\"\" class=\"wp-image-1193\" srcset=\"https:\/\/jagdverband-hainichen.de\/wp-content\/uploads\/2026\/03\/Artenschutz-1-683x1024.jpeg 683w, https:\/\/jagdverband-hainichen.de\/wp-content\/uploads\/2026\/03\/Artenschutz-1-200x300.jpeg 200w, https:\/\/jagdverband-hainichen.de\/wp-content\/uploads\/2026\/03\/Artenschutz-1.jpeg 1024w\" sizes=\"auto, (max-width: 683px) 100vw, 683px\" \/><\/figure>\n<\/div>\n\n\n\n<div class=\"wp-block-column is-layout-flow wp-block-column-is-layout-flow\">\n<p class=\"has-medium-font-size\">Seit 2013 ist der 3. M\u00e4rz weltweit Artenschutztag. An diesem Tag wurde 1973 das Washingtoner Artenschutz\u00fcbereinkommen unterzeichnet.<\/p>\n\n\n\n<p class=\"has-medium-font-size\">Was das mit Jagd zu tun hat? Mehr als viele glauben. Bejagt werden ohnehin nur Arten, die in gro\u00dfen Populationen vorkommen. Gef\u00e4hrdete Tierarten sch\u00fctzt das Jagdrecht durch Schonung und die Verpflichtung zur Hege. Freiwillig engagieren sich J\u00e4gerinnen und J\u00e4ger in der Biotoppflege und verbessern Lebensr\u00e4ume. Sie wissen: In der Natur sind alle Organismen aufeinander angewiesen.<\/p>\n\n\n\n<p class=\"has-medium-font-size\">Auch deshalb wurde der Landesjagdverband Sachsen, in dem der Jagdverband Hainichen Mitglied ist, als Naturschutzverband anerkannt.<\/p>\n<\/div>\n<\/div>\n\n\n\n<p class=\"has-text-align-center\" style=\"font-size:18px\"><\/p>\n\n\n\n<p class=\"has-text-align-center has-x-large-font-size\"><\/p>\n","protected":false},"excerpt":{"rendered":"<p>\u201eBitte auf den Wegen bleiben!\u201c J\u00e4ger und Ornithologen werben um R\u00fccksicht auf die Kinderstube der Wildtiere und V\u00f6gel Um R\u00fccksicht auf Gelege, Kitze und Frischlinge im Fr\u00fchjahr bittet der Vorsitzende des Hainichener Jagdverbands Andreas Brandt. In Feld und Wald sei jetzt alles auf Br\u00fcten und Setzen eingestellt. Den Anfang haben im Februar schon die Dachse&#8230; <\/p>\n","protected":false},"author":1,"featured_media":1230,"parent":0,"menu_order":0,"comment_status":"closed","ping_status":"closed","template":"template-full-width.php","meta":{"footnotes":""},"class_list":["post-884","page","type-page","status-publish","has-post-thumbnail","hentry"],"_links":{"self":[{"href":"https:\/\/jagdverband-hainichen.de\/index.php?rest_route=\/wp\/v2\/pages\/884","targetHints":{"allow":["GET"]}}],"collection":[{"href":"https:\/\/jagdverband-hainichen.de\/index.php?rest_route=\/wp\/v2\/pages"}],"about":[{"href":"https:\/\/jagdverband-hainichen.de\/index.php?rest_route=\/wp\/v2\/types\/page"}],"author":[{"embeddable":true,"href":"https:\/\/jagdverband-hainichen.de\/index.php?rest_route=\/wp\/v2\/users\/1"}],"replies":[{"embeddable":true,"href":"https:\/\/jagdverband-hainichen.de\/index.php?rest_route=%2Fwp%2Fv2%2Fcomments&post=884"}],"version-history":[{"count":76,"href":"https:\/\/jagdverband-hainichen.de\/index.php?rest_route=\/wp\/v2\/pages\/884\/revisions"}],"predecessor-version":[{"id":1236,"href":"https:\/\/jagdverband-hainichen.de\/index.php?rest_route=\/wp\/v2\/pages\/884\/revisions\/1236"}],"wp:featuredmedia":[{"embeddable":true,"href":"https:\/\/jagdverband-hainichen.de\/index.php?rest_route=\/wp\/v2\/media\/1230"}],"wp:attachment":[{"href":"https:\/\/jagdverband-hainichen.de\/index.php?rest_route=%2Fwp%2Fv2%2Fmedia&parent=884"}],"curies":[{"name":"wp","href":"https:\/\/api.w.org\/{rel}","templated":true}]}}