{"id":803,"date":"2023-01-21T11:59:32","date_gmt":"2023-01-21T10:59:32","guid":{"rendered":"http:\/\/jagdverband-hainichen.de\/?page_id=803"},"modified":"2026-03-03T22:20:04","modified_gmt":"2026-03-03T21:20:04","slug":"tips-bei-einem-wildunfall-oder-bei-aufgefundenem-wild","status":"publish","type":"page","link":"https:\/\/jagdverband-hainichen.de\/?page_id=803","title":{"rendered":"Wildunfall? Tot aufgefundenes Wild?"},"content":{"rendered":"\n<p class=\"has-luminous-vivid-amber-color has-text-color has-medium-font-size\"><strong>Wildunfall<\/strong><\/p>\n\n\n\n<p class=\"has-medium-font-size\">Bitte melden Sie jeden Wildunfall der Polizei, auch wenn an Ihrem Fahrzeug kein Sachschaden entstanden ist.<\/p>\n\n\n\n<p class=\"has-medium-font-size\">Vermutlich unverletztes Wild kann sich au\u00dfer Sichtweite niederlegen und verendet dort nach unn\u00f6tiger langer Zeit.<\/p>\n\n\n\n<p class=\"has-medium-font-size\">Die Polzei informiert umgehend die ortsans\u00e4ssigen J\u00e4ger und diese entscheiden vor Ort was zu tun ist.<\/p>\n\n\n\n<div style=\"height:56px\" aria-hidden=\"true\" class=\"wp-block-spacer\"><\/div>\n\n\n\n<p class=\"has-luminous-vivid-amber-color has-text-color has-medium-font-size\"><strong>Aufgefundenes, verendetes Wild<\/strong> <\/p>\n\n\n<\/p>\n\n\n<p class=\"has-medium-font-size\">Falls der zust\u00e4ndige J\u00e4ger vor Ort bekannt ist, informieren Sie diesen.<\/p>\n\n\n\n<p class=\"has-medium-font-size\">Falls nicht, melden Sie das tote Tier ebenfalls der Polizei. Die informiert den zust\u00e4ndigen J\u00e4ger, der das Wild fachgerecht entsorgt.<\/p>\n\n\n\n<p><\/p>\n","protected":false},"excerpt":{"rendered":"<p>Wildunfall Bitte melden Sie jeden Wildunfall der Polizei, auch wenn an Ihrem Fahrzeug kein Sachschaden entstanden ist. Vermutlich unverletztes Wild kann sich au\u00dfer Sichtweite niederlegen und verendet dort nach unn\u00f6tiger langer Zeit. Die Polzei informiert umgehend die ortsans\u00e4ssigen J\u00e4ger und diese entscheiden vor Ort was zu tun ist. Aufgefundenes, verendetes Wild Falls der zust\u00e4ndige J\u00e4ger&#8230; <\/p>\n","protected":false},"author":1,"featured_media":0,"parent":0,"menu_order":0,"comment_status":"closed","ping_status":"closed","template":"template-full-width.php","meta":{"footnotes":""},"class_list":["post-803","page","type-page","status-publish","hentry"],"_links":{"self":[{"href":"https:\/\/jagdverband-hainichen.de\/index.php?rest_route=\/wp\/v2\/pages\/803","targetHints":{"allow":["GET"]}}],"collection":[{"href":"https:\/\/jagdverband-hainichen.de\/index.php?rest_route=\/wp\/v2\/pages"}],"about":[{"href":"https:\/\/jagdverband-hainichen.de\/index.php?rest_route=\/wp\/v2\/types\/page"}],"author":[{"embeddable":true,"href":"https:\/\/jagdverband-hainichen.de\/index.php?rest_route=\/wp\/v2\/users\/1"}],"replies":[{"embeddable":true,"href":"https:\/\/jagdverband-hainichen.de\/index.php?rest_route=%2Fwp%2Fv2%2Fcomments&post=803"}],"version-history":[{"count":16,"href":"https:\/\/jagdverband-hainichen.de\/index.php?rest_route=\/wp\/v2\/pages\/803\/revisions"}],"predecessor-version":[{"id":1222,"href":"https:\/\/jagdverband-hainichen.de\/index.php?rest_route=\/wp\/v2\/pages\/803\/revisions\/1222"}],"wp:attachment":[{"href":"https:\/\/jagdverband-hainichen.de\/index.php?rest_route=%2Fwp%2Fv2%2Fmedia&parent=803"}],"curies":[{"name":"wp","href":"https:\/\/api.w.org\/{rel}","templated":true}]}}