{"id":205,"date":"2017-10-05T11:46:57","date_gmt":"2017-10-05T09:46:57","guid":{"rendered":"http:\/\/jagdverband-hainichen.de\/?page_id=205"},"modified":"2026-03-03T21:58:59","modified_gmt":"2026-03-03T20:58:59","slug":"jagdgebrauchshunde","status":"publish","type":"page","link":"https:\/\/jagdverband-hainichen.de\/?page_id=205","title":{"rendered":"Jagdgebrauchshunde"},"content":{"rendered":"\n<figure class=\"wp-block-image alignnone wp-image-204 size-large\"><img loading=\"lazy\" decoding=\"async\" width=\"1024\" height=\"426\" src=\"https:\/\/jagdverband-hainichen.de\/wp-content\/uploads\/2017\/10\/Jagdhunde-1024x426.jpg\" alt=\"\" class=\"wp-image-204\" srcset=\"https:\/\/jagdverband-hainichen.de\/wp-content\/uploads\/2017\/10\/Jagdhunde-1024x426.jpg 1024w, https:\/\/jagdverband-hainichen.de\/wp-content\/uploads\/2017\/10\/Jagdhunde-300x125.jpg 300w, https:\/\/jagdverband-hainichen.de\/wp-content\/uploads\/2017\/10\/Jagdhunde.jpg 2041w\" sizes=\"auto, (max-width: 1024px) 100vw, 1024px\" \/><figcaption class=\"wp-element-caption\">Foto: I. Fischer<\/figcaption><\/figure>\n\n\n\n<h2 class=\"wp-block-heading\">&#8222;Jagd ohne Hund ist Schund!&#8220;<\/h2>\n\n\n\n<p class=\"has-medium-font-size\">Jagdgebrauchshunde der verschiedensten Rassen spielen eine wesentliche Rolle bei der waidgerechten Jagdaus\u00fcbung.<\/p>\n\n\n\n<p class=\"has-medium-font-size\">Der Jagdverband Hainichen e. V. unterst\u00fctzt seine Mitglieder beim Abf\u00fchren des jungen Jagdhundes und bei den Vorbereitungen zu\u00a0den Pr\u00fcfungen.<\/p>\n\n\n\n<p class=\"has-medium-font-size\">Nach den Pr\u00fcfungen organisieren wir regelm\u00e4\u00dfige Hunde-\u00dcbungstage.<\/p>\n\n\n\n<p class=\"has-medium-font-size\">\u00dcbrigens: Wer Mitglied im Jagdverband ist, dessen Jagdhund,\u00a0egal\u00a0ob gepr\u00fcft oder in Ausbildung,\u00a0automatisch \u00fcber den <a href=\"https:\/\/ljv-sachsen.de\/jagdhunde\/jagdhundefonds\">Jagdhundeausgleichsfonds<\/a> des LJV Sachsen e. V. abgesichert.<\/p>\n\n\n\n<div style=\"height:45px\" aria-hidden=\"true\" class=\"wp-block-spacer\"><\/div>\n\n\n\n<p class=\"has-medium-font-size\">>> <a href=\"https:\/\/jagdverband-hainichen.de\/wp-content\/uploads\/2017\/10\/Hundemeldung.pdf\">Formular Hundemeldung<\/a><\/p>\n\n\n\n<p>&nbsp;<\/p>\n\n\n\n<p>&nbsp;<\/p>\n","protected":false},"excerpt":{"rendered":"<p>&#8222;Jagd ohne Hund ist Schund!&#8220; Jagdgebrauchshunde der verschiedensten Rassen spielen eine wesentliche Rolle bei der waidgerechten Jagdaus\u00fcbung. Der Jagdverband Hainichen e. V. unterst\u00fctzt seine Mitglieder beim Abf\u00fchren des jungen Jagdhundes und bei den Vorbereitungen zu\u00a0den Pr\u00fcfungen. Nach den Pr\u00fcfungen organisieren wir regelm\u00e4\u00dfige Hunde-\u00dcbungstage. \u00dcbrigens: Wer Mitglied im Jagdverband ist, dessen Jagdhund,\u00a0egal\u00a0ob gepr\u00fcft oder in Ausbildung,\u00a0automatisch&#8230; <\/p>\n","protected":false},"author":1,"featured_media":0,"parent":0,"menu_order":0,"comment_status":"closed","ping_status":"closed","template":"","meta":{"footnotes":""},"class_list":["post-205","page","type-page","status-publish","hentry"],"_links":{"self":[{"href":"https:\/\/jagdverband-hainichen.de\/index.php?rest_route=\/wp\/v2\/pages\/205","targetHints":{"allow":["GET"]}}],"collection":[{"href":"https:\/\/jagdverband-hainichen.de\/index.php?rest_route=\/wp\/v2\/pages"}],"about":[{"href":"https:\/\/jagdverband-hainichen.de\/index.php?rest_route=\/wp\/v2\/types\/page"}],"author":[{"embeddable":true,"href":"https:\/\/jagdverband-hainichen.de\/index.php?rest_route=\/wp\/v2\/users\/1"}],"replies":[{"embeddable":true,"href":"https:\/\/jagdverband-hainichen.de\/index.php?rest_route=%2Fwp%2Fv2%2Fcomments&post=205"}],"version-history":[{"count":16,"href":"https:\/\/jagdverband-hainichen.de\/index.php?rest_route=\/wp\/v2\/pages\/205\/revisions"}],"predecessor-version":[{"id":1217,"href":"https:\/\/jagdverband-hainichen.de\/index.php?rest_route=\/wp\/v2\/pages\/205\/revisions\/1217"}],"wp:attachment":[{"href":"https:\/\/jagdverband-hainichen.de\/index.php?rest_route=%2Fwp%2Fv2%2Fmedia&parent=205"}],"curies":[{"name":"wp","href":"https:\/\/api.w.org\/{rel}","templated":true}]}}