{"id":2,"date":"2016-02-15T10:47:22","date_gmt":"2016-02-15T09:47:22","guid":{"rendered":"http:\/\/jagdverband-hainichen.de\/\/?page_id=2"},"modified":"2026-04-13T13:40:54","modified_gmt":"2026-04-13T11:40:54","slug":"beispiel-seite","status":"publish","type":"page","link":"https:\/\/jagdverband-hainichen.de\/?page_id=2","title":{"rendered":"Aktuelle Termine"},"content":{"rendered":"\n<h2 class=\"wp-block-heading\"><\/h2>\n\n\n\n<p><\/p>\n\n\n\n<div style=\"height:100px\" aria-hidden=\"true\" class=\"wp-block-spacer\"><\/div>\n\n\n\n<h2 class=\"wp-block-heading has-luminous-vivid-amber-color has-text-color has-link-color wp-elements-3debf4f1a34304d332a2cb59baa6b79f\" style=\"font-size:28px\"><strong>Waldtag:<\/strong><\/h2>\n\n\n\n<p style=\"font-size:24px\">Samstag, <strong>13. Juni 2026<\/strong>,<\/p>\n\n\n\n<p style=\"font-size:24px\">ab 10 Uhr am Sch\u00fctzenplatz Seifersbach<\/p>\n\n\n\n<div style=\"height:100px\" aria-hidden=\"true\" class=\"wp-block-spacer\"><\/div>\n\n\n\n<h2 class=\"wp-block-heading has-luminous-vivid-amber-color has-text-color has-link-color wp-elements-ad2904cba1ac2531381d237f1f5b7c6a\" style=\"font-size:28px\"><strong>Verbandsschie\u00dfen<\/strong>:<\/h2>\n\n\n\n<p style=\"font-size:24px\">Samstag, 2<strong>. Mai 2026<\/strong>,<\/p>\n\n\n\n<p style=\"font-size:24px\">um 13 Uhr, auf dem Schie\u00dfstand M\u00fchlau<\/p>\n\n\n\n<div style=\"height:100px\" aria-hidden=\"true\" class=\"wp-block-spacer\"><\/div>\n\n\n\n<h2 class=\"wp-block-heading has-luminous-vivid-amber-color has-text-color has-link-color wp-elements-7856038584ea9ef3346b72b3b6fb9483\" style=\"font-size:28px\"><strong>J\u00e4gertag:<\/strong><\/h2>\n\n\n\n<p style=\"font-size:24px\">Donnerstag, <strong>23. April 2026<\/strong>,<\/p>\n\n\n\n<p style=\"font-size:24px\">im &#8222;Waldhaus Kalkbr\u00fcche&#8220;. Einlass ist ab 18 Uhr, Beginn um 19 Uhr. Mitglieder erhalten eine pers\u00f6nliche Einladung.<\/p>\n\n\n\n<p class=\"has-medium-font-size\">Steffen K\u00fchn, der Revierleiter Hainichen vom Staatsbetrieb Sachsenforst, spricht \u00fcber die Auswirkungen der bestehenden und zuk\u00fcnftigen Klimaph\u00e4nomene auf das Wald-\u00d6kosystem. Anke Knorn von der unteren Jagdbeh\u00f6rde berichtet \u00fcber die Gesamtstrecke des vergangenen Jagdjahres im Landkreis Mittelsachsen und bringt Neuigkeiten zum Thema \u201eWolf\u201c mit.<\/p>\n\n\n\n<p class=\"has-medium-font-size\">Troph\u00e4en k\u00f6nnen ab 18 Uhr f\u00fcr die Schau abgegeben werden.<\/p>\n\n\n\n<div style=\"height:100px\" aria-hidden=\"true\" class=\"wp-block-spacer\"><\/div>\n\n\n\n<h2 class=\"wp-block-heading has-luminous-vivid-amber-color has-text-color has-link-color wp-elements-4c8648c60ccc678bc4e31d7e64533d7b\" style=\"font-size:28px\"><strong>J\u00e4gerball:<\/strong><\/h2>\n\n\n\n<p style=\"font-size:24px\"><strong>08.11.2025<\/strong><\/p>\n\n\n\n<figure class=\"wp-block-image size-large is-style-default\"><img loading=\"lazy\" decoding=\"async\" width=\"724\" height=\"1024\" src=\"https:\/\/jagdverband-hainichen.de\/wp-content\/uploads\/2025\/10\/Einladung-Jaegerball25-724x1024.png\" alt=\"\" class=\"wp-image-1084\" srcset=\"https:\/\/jagdverband-hainichen.de\/wp-content\/uploads\/2025\/10\/Einladung-Jaegerball25-724x1024.png 724w, https:\/\/jagdverband-hainichen.de\/wp-content\/uploads\/2025\/10\/Einladung-Jaegerball25-212x300.png 212w, https:\/\/jagdverband-hainichen.de\/wp-content\/uploads\/2025\/10\/Einladung-Jaegerball25.png 792w\" sizes=\"auto, (max-width: 724px) 100vw, 724px\" \/><\/figure>\n\n\n\n<div style=\"height:100px\" aria-hidden=\"true\" class=\"wp-block-spacer\"><\/div>\n\n\n\n<h2 class=\"wp-block-heading has-luminous-vivid-amber-color has-text-color has-link-color wp-elements-7856038584ea9ef3346b72b3b6fb9483\" style=\"font-size:28px\"><strong>J\u00e4gertag:<\/strong><\/h2>\n\n\n\n<p style=\"font-size:24px\"><strong>10.04.2025     ab 18:00 Uhr<\/strong><br>Waldhaus Kalkbr\u00fcche<br>Mitglieder erhalten postalisch eine schriftliche Einladung<strong><mark style=\"background-color:rgba(0, 0, 0, 0)\" class=\"has-inline-color has-luminous-vivid-amber-color\"><\/mark><\/strong><\/p>\n\n\n\n<div style=\"height:100px\" aria-hidden=\"true\" class=\"wp-block-spacer\"><\/div>\n\n\n\n<h2 class=\"wp-block-heading has-luminous-vivid-amber-color has-text-color has-link-color wp-elements-f2b76bb442ed836627689c17359c5ebe\" style=\"font-size:28px\"><strong>Verbandsschie\u00dfen: <\/strong><\/h2>\n\n\n\n<p style=\"font-size:24px\"><strong>26.04.2025       13:00 Uhr<\/strong><br>Veranstaltungsort wird den Mitgliedern mitgeteilt<\/p>\n\n\n\n<div style=\"height:100px\" aria-hidden=\"true\" class=\"wp-block-spacer\"><\/div>\n\n\n\n<h2 class=\"wp-block-heading has-luminous-vivid-amber-color has-text-color has-link-color wp-elements-50a7264b92df52d0c7663de76d0d44cb\" style=\"font-size:28px\"><strong>Hunde\u00fcbungstag Schwei\u00df: <\/strong><\/h2>\n\n\n\n<p style=\"font-size:24px\"><strong>29.06.2025       09:00 Uhr<\/strong><br>Treffpunkt: Nonnwald &#8211; Zufahrt \u00fcber Hainichener Stra\u00dfe(S32)  &lt;<a href=\"https:\/\/maps.app.goo.gl\/3caYYR4X8bHKSAh28\" data-type=\"link\" data-id=\"https:\/\/maps.app.goo.gl\/3caYYR4X8bHKSAh28\">Standort Google Maps<\/a>&gt;<\/p>\n\n\n\n<p style=\"font-size:24px\">Interessierte melden sich bitte bis zum <strong>27.06.2025<\/strong> \u00fcber das &lt;<a href=\"https:\/\/forms.gle\/rE6LtShLb5NNtoG87\">Anmeldeformular<\/a>&gt; an. <\/p>\n\n\n\n<h2 class=\"wp-block-heading has-x-large-font-size\"><\/h2>\n","protected":false},"excerpt":{"rendered":"<p>Waldtag: Samstag, 13. Juni 2026, ab 10 Uhr am Sch\u00fctzenplatz Seifersbach Verbandsschie\u00dfen: Samstag, 2. Mai 2026, um 13 Uhr, auf dem Schie\u00dfstand M\u00fchlau J\u00e4gertag: Donnerstag, 23. April 2026, im &#8222;Waldhaus Kalkbr\u00fcche&#8220;. Einlass ist ab 18 Uhr, Beginn um 19 Uhr. Mitglieder erhalten eine pers\u00f6nliche Einladung. Steffen K\u00fchn, der Revierleiter Hainichen vom Staatsbetrieb Sachsenforst, spricht \u00fcber&#8230; <\/p>\n","protected":false},"author":1,"featured_media":55,"parent":0,"menu_order":0,"comment_status":"closed","ping_status":"open","template":"template-full-width.php","meta":{"footnotes":""},"class_list":["post-2","page","type-page","status-publish","has-post-thumbnail","hentry"],"_links":{"self":[{"href":"https:\/\/jagdverband-hainichen.de\/index.php?rest_route=\/wp\/v2\/pages\/2","targetHints":{"allow":["GET"]}}],"collection":[{"href":"https:\/\/jagdverband-hainichen.de\/index.php?rest_route=\/wp\/v2\/pages"}],"about":[{"href":"https:\/\/jagdverband-hainichen.de\/index.php?rest_route=\/wp\/v2\/types\/page"}],"author":[{"embeddable":true,"href":"https:\/\/jagdverband-hainichen.de\/index.php?rest_route=\/wp\/v2\/users\/1"}],"replies":[{"embeddable":true,"href":"https:\/\/jagdverband-hainichen.de\/index.php?rest_route=%2Fwp%2Fv2%2Fcomments&post=2"}],"version-history":[{"count":222,"href":"https:\/\/jagdverband-hainichen.de\/index.php?rest_route=\/wp\/v2\/pages\/2\/revisions"}],"predecessor-version":[{"id":1238,"href":"https:\/\/jagdverband-hainichen.de\/index.php?rest_route=\/wp\/v2\/pages\/2\/revisions\/1238"}],"wp:featuredmedia":[{"embeddable":true,"href":"https:\/\/jagdverband-hainichen.de\/index.php?rest_route=\/wp\/v2\/media\/55"}],"wp:attachment":[{"href":"https:\/\/jagdverband-hainichen.de\/index.php?rest_route=%2Fwp%2Fv2%2Fmedia&parent=2"}],"curies":[{"name":"wp","href":"https:\/\/api.w.org\/{rel}","templated":true}]}}