{"id":185,"date":"2017-10-04T16:43:49","date_gmt":"2017-10-04T14:43:49","guid":{"rendered":"http:\/\/jagdverband-hainichen.de\/?page_id=185"},"modified":"2023-08-23T17:33:05","modified_gmt":"2023-08-23T15:33:05","slug":"frankenberger-jagdhornblaeser","status":"publish","type":"page","link":"https:\/\/jagdverband-hainichen.de\/?page_id=185","title":{"rendered":"&#8222;Frankenberger Jagdhornbl\u00e4ser&#8220;"},"content":{"rendered":"\n<p class=\"has-medium-font-size\">Egal ob Vereinsveranstaltung, auf Festen oder Jubil\u00e4en &#8211; unter der Leitung von Ronny Rehwagen sorgen die &#8222;Frankenberger Jagdhornbl\u00e4ser&#8220; immer f\u00fcr einen z\u00fcnftigen Rahmen.<\/p>\n\n\n\n<p class=\"has-medium-font-size\">Geprobt wird immer am Mittwoch, 19:00 in Frankenberg.<\/p>\n\n\n\n<p class=\"has-medium-font-size\">Wer Interesse am Erlernen des Jagdhornblasens hat oder seinen &#8222;Ansatz&#8220; verbessern m\u00f6chte ist herzlichst willkommen.<\/p>\n\n\n\n<h2 class=\"wp-block-heading\"><\/h2>\n\n\n\n<figure class=\"wp-block-image size-large\"><img loading=\"lazy\" decoding=\"async\" width=\"1024\" height=\"768\" src=\"https:\/\/jagdverband-hainichen.de\/wp-content\/uploads\/2017\/10\/Bl\u00e4sergruppe-Frankenberg-7-1024x768.jpg\" alt=\"\" class=\"wp-image-200\" srcset=\"https:\/\/jagdverband-hainichen.de\/wp-content\/uploads\/2017\/10\/Bl\u00e4sergruppe-Frankenberg-7-1024x768.jpg 1024w, https:\/\/jagdverband-hainichen.de\/wp-content\/uploads\/2017\/10\/Bl\u00e4sergruppe-Frankenberg-7-300x225.jpg 300w, https:\/\/jagdverband-hainichen.de\/wp-content\/uploads\/2017\/10\/Bl\u00e4sergruppe-Frankenberg-7.jpg 2048w\" sizes=\"auto, (max-width: 1024px) 100vw, 1024px\" \/><\/figure>\n\n\n\n<p><\/p>\n\n\n\n<figure class=\"wp-block-image size-large\"><img loading=\"lazy\" decoding=\"async\" width=\"1024\" height=\"768\" src=\"https:\/\/jagdverband-hainichen.de\/wp-content\/uploads\/2017\/08\/P9160281-1024x768.jpg\" alt=\"\" class=\"wp-image-151\" srcset=\"https:\/\/jagdverband-hainichen.de\/wp-content\/uploads\/2017\/08\/P9160281-1024x768.jpg 1024w, https:\/\/jagdverband-hainichen.de\/wp-content\/uploads\/2017\/08\/P9160281-300x225.jpg 300w, https:\/\/jagdverband-hainichen.de\/wp-content\/uploads\/2017\/08\/P9160281.jpg 2048w\" sizes=\"auto, (max-width: 1024px) 100vw, 1024px\" \/><\/figure>\n","protected":false},"excerpt":{"rendered":"<p>Egal ob Vereinsveranstaltung, auf Festen oder Jubil\u00e4en &#8211; unter der Leitung von Ronny Rehwagen sorgen die &#8222;Frankenberger Jagdhornbl\u00e4ser&#8220; immer f\u00fcr einen z\u00fcnftigen Rahmen. Geprobt wird immer am Mittwoch, 19:00 in Frankenberg. Wer Interesse am Erlernen des Jagdhornblasens hat oder seinen &#8222;Ansatz&#8220; verbessern m\u00f6chte ist herzlichst willkommen.<\/p>\n","protected":false},"author":1,"featured_media":0,"parent":0,"menu_order":0,"comment_status":"closed","ping_status":"closed","template":"template-full-width.php","meta":{"footnotes":""},"class_list":["post-185","page","type-page","status-publish","hentry"],"_links":{"self":[{"href":"https:\/\/jagdverband-hainichen.de\/index.php?rest_route=\/wp\/v2\/pages\/185","targetHints":{"allow":["GET"]}}],"collection":[{"href":"https:\/\/jagdverband-hainichen.de\/index.php?rest_route=\/wp\/v2\/pages"}],"about":[{"href":"https:\/\/jagdverband-hainichen.de\/index.php?rest_route=\/wp\/v2\/types\/page"}],"author":[{"embeddable":true,"href":"https:\/\/jagdverband-hainichen.de\/index.php?rest_route=\/wp\/v2\/users\/1"}],"replies":[{"embeddable":true,"href":"https:\/\/jagdverband-hainichen.de\/index.php?rest_route=%2Fwp%2Fv2%2Fcomments&post=185"}],"version-history":[{"count":23,"href":"https:\/\/jagdverband-hainichen.de\/index.php?rest_route=\/wp\/v2\/pages\/185\/revisions"}],"predecessor-version":[{"id":930,"href":"https:\/\/jagdverband-hainichen.de\/index.php?rest_route=\/wp\/v2\/pages\/185\/revisions\/930"}],"wp:attachment":[{"href":"https:\/\/jagdverband-hainichen.de\/index.php?rest_route=%2Fwp%2Fv2%2Fmedia&parent=185"}],"curies":[{"name":"wp","href":"https:\/\/api.w.org\/{rel}","templated":true}]}}