{"id":13,"date":"2016-03-16T23:42:49","date_gmt":"2016-03-16T22:42:49","guid":{"rendered":"http:\/\/jagdverband-hainichen.de\/?page_id=13"},"modified":"2023-07-13T14:41:51","modified_gmt":"2023-07-13T12:41:51","slug":"impressum","status":"publish","type":"page","link":"https:\/\/jagdverband-hainichen.de\/?page_id=13","title":{"rendered":"Impressum\/ Datenschutz"},"content":{"rendered":"<h4><strong>Jagdverband Hainichen e.V.<\/strong><br \/>\nAndreas Brandt<br \/>\nHeinrich-Heine-Str. 10<br \/>\n09661 Hainichen<br \/>\n<!--more--><\/h4>\n<h4>Email:<br \/>\ninfo(at)jagdverband-hainichen.de<\/h4>\n<h2>Haftungsbeschr\u00e4nkung<\/h2>\n<p>Die Inhalte dieser Website werden mit gr\u00f6\u00dftm\u00f6glicher Sorgfalt erstellt. Der Anbieter \u00fcbernimmt jedoch keine Gew\u00e4hr f\u00fcr die Richtigkeit, Vollst\u00e4ndigkeit und Aktualit\u00e4t der bereitgestellten Inhalte. Die Nutzung der Inhalte der Website erfolgt auf eigene Gefahr des Nutzers. Namentlich gekennzeichnete Beitr\u00e4ge geben die Meinung des jeweiligen Autors und nicht immer die Meinung des Anbieters wieder.<\/p>\n<h2>Externe Links<\/h2>\n<p>Diese Website enth\u00e4lt Verkn\u00fcpfungen zu Websites Dritter (\u201cexterne Links\u201d). Diese Websites unterliegen der Haftung der jeweiligen Betreiber. Der Anbieter hat bei der erstmaligen Verkn\u00fcpfung der externen Links die fremden Inhalte daraufhin \u00fcberpr\u00fcft, ob etwaige Rechtsverst\u00f6\u00dfe bestehen. Zu dem Zeitpunkt waren keine Rechtsverst\u00f6\u00dfe ersichtlich. Der Anbieter hat keinerlei Einfluss auf die aktuelle und zuk\u00fcnftige Gestaltung und auf die Inhalte der verkn\u00fcpften Seiten. Das Setzen von externen Links bedeutet nicht,dass sich der Anbieter die hinter dem Verweis oder Link liegenden Inhalte zu Eigen macht. Eine st\u00e4ndige Kontrolle dieser externen Links ist f\u00fcr den Anbieter ohne konkrete Hinweise auf Rechtsverst\u00f6\u00dfe nicht zumutbar. Bei Kenntnis von Rechtsverst\u00f6\u00dfen werden jedoch derartige externe Links unverz\u00fcglich gel\u00f6scht.<\/p>\n<h2>Urheber- und Leistungsschutzrechte<\/h2>\n<p>Die auf dieser Website ver\u00f6ffentlichten Inhalte unterliegen dem deutschen Urheber- und Leistungsschutzrecht. Jede vom deutschen Urheber- und Leistungsschutzrecht nicht zugelassene Verwertung bedarf der vorherigen schriftlichen Zustimmung des Anbieters oder jeweiligen Rechteinhabers. Dies gilt insbesondere f\u00fcr Vervielf\u00e4ltigung, Bearbeitung, \u00dcbersetzung, Einspeicherung, Verarbeitung bzw. Wiedergabe von Inhalten in Datenbanken oder anderen elektronischen Medien und Systemen. Inhalte und Rechte Dritter sind dabei als solche gekennzeichnet. Die unerlaubte Vervielf\u00e4ltigung oder Weitergabe einzelner Inhalte oder kompletter Seiten ist nicht gestattet und strafbar. Lediglich die Herstellung von Kopien und Downloads f\u00fcr den pers\u00f6nlichen, privaten und nicht kommerziellen Gebrauch ist erlaubt.<\/p>\n<p>Die Darstellung dieser Website in fremden Frames ist nur mit schriftlicher Erlaubnis zul\u00e4ssig.<\/p>\n<h2>Besondere Nutzungsbedingungen<\/h2>\n<p>Soweit auf dieser Website personenbezogene Daten (Name, Anschrift, Email-Adresse etc.) erhoben werden, geschieht dies im freiwilligen Einvernehmen mit dem Nutzer und in dessen Kenntnis. Eine Weitergabe an Dritte, zu kommerziellen oder nicht kommerziellen Zwecken, findet nicht statt.<\/p>\n<hr \/>\n<h1>Datenschutzerkl\u00e4rung<\/h1>\n<p><strong>Information \u00fcber die Erhebung personenbezogener Daten<\/strong><\/p>\n<p>Im Folgenden informieren wir \u00fcber die Erhebung personenbezogener Daten bei Nutzung unserer Internetseite.<\/p>\n<p><strong>Verantwortlicher gem. Art.\u00a04 Abs.\u00a07 Datenschutz-Grundverordnung (DSGVO):<\/strong><\/p>\n<p>Mark Imhof, Kirchstrasse 15, 09661 Rossau<\/p>\n<p><strong>Unser Datenschutzbeauftragter:<\/strong><\/p>\n<p>Mark Imhof, Kirchstrasse 15, 09661 Rossau, info(at)jagdverband-hainichen.de<\/p>\n<p>Bei Ihrer Kontaktaufnahme mit uns per E-Mail oder \u00fcber das Kontaktformular werden die von Ihnen mitgeteilten Daten (E-Mail-Adresse, ggf. Ihr Name und ggf. Ihre Telefonnummer) von uns gespeichert, um Ihre Frage zu beantworten. Die in diesem Zusammenhang anfallenden Daten l\u00f6schen wir, nachdem die Speicherung nicht mehr erforderlich ist, oder schr\u00e4nken die Verarbeitung ein, falls gesetzliche Aufforderungspflichten bestehen.<\/p>\n<p>Falls wir f\u00fcr einzelne Funktionen unseres Angebots auf beauftragte Dienstleister zur\u00fcckgreifen oder Ihre Daten f\u00fcr gewerbliche Zwecke nutzen m\u00f6chten, werden wir Sie \u00fcber Details oder die jeweiligen Vorg\u00e4nge informieren. Dabei nennen wir auch die festgelegten Kriterien der Speicherdauer.<\/p>\n<p><strong>Erhebung personenbezogener Daten bei Besuch unserer Website <\/strong><\/p>\n<p>Bei der blo\u00dfen informatorischen Nutzung unserer Website (also, wenn Sie die Website ohne sich zu registrieren oder anderweitigen Informationen zu \u00fcbermitteln nutzen) erheben wir nur die personenbezogenen Daten, die Ihr Browser an unseren Server \u00fcbermittelt. Wenn Sie unsere Website betrachten m\u00f6chten, erheben wir die folgenden Daten, die f\u00fcr uns technisch erforderlich sind, um Ihnen unsere Internetseite anzuzeigen und die Stabilit\u00e4t und Sicherheit zu gew\u00e4hrleisten. Gem\u00e4\u00df Art.\u00a06 Abs.\u00a01 Satz\u00a01 lit. f) DSGVO sind dies folgende Daten:<\/p>\n<ul>\n<li>IP-Adresse<\/li>\n<li>Datum und Uhrzeit der Anfrage<\/li>\n<li>Zeitzonendifferenz zur Greenwich Mean Time (GMT)<\/li>\n<li>Zugriffsstatus\/http-Status-Code<\/li>\n<li>Jeweils die \u00fcbertragene Datenmenge<\/li>\n<li>Website, von der die Anforderung kommt<\/li>\n<li>Die Art des Browsers<\/li>\n<li>Das Betriebssystem und dessen Oberfl\u00e4che<\/li>\n<li>Sprache und Version der Browser-Software<\/li>\n<\/ul>\n<p><strong>Verarbeitungszwecke und Rechtsgrundlage<\/strong><\/p>\n<p>Personenbezogene Daten werden bei Nutzung unserer Website als Besucher nicht verarbeitet.<\/p>\n<p><strong>Kategorien von Empf\u00e4ngern<\/strong><\/p>\n<p>Personenbezogene Daten werden nicht an Dritte vermittelt.<\/p>\n<p><strong>Dauer der Speicherung<\/strong><\/p>\n<p>Personenbezogene Daten werden bei der Nutzung unserer Website als Besucher nicht gespeichert.<\/p>\n<p><strong>Ihre Rechte<\/strong><\/p>\n<p>Sie haben gegen\u00fcber uns folgende Rechte hinsichtlich der Sie betreffenden personenbezogenen Daten:<\/p>\n<ul>\n<li>Recht auf Auskunft gem\u00e4\u00df Art.\u00a015 DSGVO<\/li>\n<li>Recht auf Berichtigung gem\u00e4\u00df Art.\u00a016 DSGVO<\/li>\n<li>Recht auf L\u00f6schung \u201eRecht auf Vergessenwerden\u201c gem\u00e4\u00df Art.\u00a017 DSGVO<\/li>\n<li>Recht auf Einschr\u00e4nkung der Verarbeitung gem\u00e4\u00df Art.\u00a018 DSGVO<\/li>\n<li>Recht auf Daten\u00fcbertragbarkeit gem\u00e4\u00df Art.\u00a020 DSGVO<\/li>\n<li>Recht auf Widerspruch gem\u00e4\u00df Art.\u00a021 DSGVOAu\u00dferdem haben Sie das Recht, sich an die f\u00fcr Sie zust\u00e4ndige Aufsichtsbeh\u00f6rde zu wenden; zust\u00e4ndig sind:<\/li>\n<\/ul>\n<p>Bitte wenden Sie sich diesbez\u00fcglich an unseren Datenschutzbeauftragten.<\/p>\n<p>Au\u00dferdem haben Sie das Recht, sich an die f\u00fcr Sie zust\u00e4ndige Aufsichtsbeh\u00f6rde zu wenden; zust\u00e4ndig sind:<\/p>\n<ul>\n<li>Landesdatenschutzbeauftragte f\u00fcr Datenschutz und Informationsfreiheit des jeweiligen Bundeslandes<\/li>\n<li>Die Bundesbeauftragte f\u00fcr Datenschutz und die Informationsfreiheit, Husarenstr.\u00a030, 53117 Bonn<\/li>\n<\/ul>\n<p>E-Mail-Adresse: <span style=\"color: #0000ff;\">poststelle(at)bfdi.bund.de<\/span> oder <span style=\"color: #0000ff;\">poststelle(at)bfdi.de-mail.de<\/span><\/p>\n<p><strong>Profiling im Sinne von Art 22 DSGVO<\/strong><\/p>\n<p>Wir betreiben kein Profiling im Sinne von Art 22 DSGVO.<\/p>\n<p><strong>Cookie Richtlinie<\/strong><\/p>\n<p>Bei Aufrufen unserer Internetseite k\u00f6nnen der Verwendung von Cookies zustimmen.<\/p>\n<p>Au\u00dferdem k\u00f6nnen Sie Ihre Browser-Einstellungen konfigurieren und z. B. die Annahme von Third-Party-Cookies oder allen Cookies ablehnen. Wir weisen darauf hin, dass Sie in diesem Fall evtl. nicht alle Funktionen dieser Website nutzen k\u00f6nnen.<\/p>\n<p>Zus\u00e4tzlich zu den zuvor genannten Daten werden bei Ihrer Nutzung unserer Website Cookies auf Ihrem Rechner gespeichert. Bei Cookies handelt es sich um kleine Textdateien, die auf Ihrer Festplatte dem von Ihnen verwendeten Browser zugeordnet gespeichert werden und durch welche der Stelle, die den Cookie setzt, bestimmte Informationen zuflie\u00dfen. Cookies k\u00f6nnen keine Programme ausf\u00fchren oder Viren auf Ihren Computer \u00fcbertragen. Sie dienen dazu, das Internetangebot insgesamt benutzerfreundlich und effektiver zu machen.<\/p>\n<p>Wir setzen folgende Cookies ein:<\/p>\n<p>1.\u00a0\u00a0\u00a0\u00a0\u00a0 Transiente Cookies<br \/>\nTransiente Cookies werden automatisiert gel\u00f6scht, wenn sie den Browser schlie\u00dfen. Dazu z\u00e4hlen insbesondere die Saison-Cookies. Diese speichern eine sog. Saison-ID, mit welcher sich verschiedene Anfragen Ihres Browsers der gemeinsamen Sitzung zulassen. Dadurch kann Ihr Rechner wiedererkannt werden, wenn Sie auf unsere Website zur\u00fcckkehren. Dies Saison-Cookies werden gel\u00f6scht, wenn Sie sich ausloggen oder den Browser schlie\u00dfen.<\/p>\n<p>2.\u00a0\u00a0\u00a0\u00a0\u00a0 Persistente Cookies<br \/>\nPersistente Cookies werden automatisiert und nach einer vorgegebenen Dauer gel\u00f6scht, die sich je nach Cookie unterschieden kann. Sie k\u00f6nnen die Cookies in den Sicherheitseinstellungen Ihres Browsers jederzeit l\u00f6schen.<\/p>\n<p><strong>Einsatz von Analysewerkzeugen<\/strong><\/p>\n<p>Wir nutzen die Standart-Analysewerkzeuge von \u201eWORDPRESS.org\u201c.<\/p>\n<p><strong>Nutzung von Social Media Plugins<\/strong><\/p>\n<p>Wir nutzen keine SocialMedia-Plugins.<\/p>\n<p><strong>Newsletter<\/strong><\/p>\n<p>Wir nutzen keine Newsletter-Funktionen.<\/p>\n<p><strong>Widerruf von Einwilligungen<\/strong><\/p>\n<p>Wenn Sie uns eine Einwilligung zur Nutzung personenbezogener Daten gegeben haben, k\u00f6nnen Sie diese Einwilligung jederzeit widerrufen. Ihre personenbezogenen Daten werden wir dann l\u00f6schen.<\/p>\n<p>Alle Informationsw\u00fcnsche, Auskunftsanfragen oder Widerrufe zur Datenverarbeitung richten Sie bitte per E-Mail an: <span style=\"color: #0000ff;\">info(at)jagdverband-hainichen.de<\/span><\/p>\n","protected":false},"excerpt":{"rendered":"<p>Jagdverband Hainichen e.V. Andreas Brandt Heinrich-Heine-Str. 10 09661 Hainichen<\/p>\n","protected":false},"author":1,"featured_media":55,"parent":0,"menu_order":0,"comment_status":"closed","ping_status":"closed","template":"","meta":{"footnotes":""},"class_list":["post-13","page","type-page","status-publish","has-post-thumbnail","hentry"],"_links":{"self":[{"href":"https:\/\/jagdverband-hainichen.de\/index.php?rest_route=\/wp\/v2\/pages\/13","targetHints":{"allow":["GET"]}}],"collection":[{"href":"https:\/\/jagdverband-hainichen.de\/index.php?rest_route=\/wp\/v2\/pages"}],"about":[{"href":"https:\/\/jagdverband-hainichen.de\/index.php?rest_route=\/wp\/v2\/types\/page"}],"author":[{"embeddable":true,"href":"https:\/\/jagdverband-hainichen.de\/index.php?rest_route=\/wp\/v2\/users\/1"}],"replies":[{"embeddable":true,"href":"https:\/\/jagdverband-hainichen.de\/index.php?rest_route=%2Fwp%2Fv2%2Fcomments&post=13"}],"version-history":[{"count":41,"href":"https:\/\/jagdverband-hainichen.de\/index.php?rest_route=\/wp\/v2\/pages\/13\/revisions"}],"predecessor-version":[{"id":896,"href":"https:\/\/jagdverband-hainichen.de\/index.php?rest_route=\/wp\/v2\/pages\/13\/revisions\/896"}],"wp:featuredmedia":[{"embeddable":true,"href":"https:\/\/jagdverband-hainichen.de\/index.php?rest_route=\/wp\/v2\/media\/55"}],"wp:attachment":[{"href":"https:\/\/jagdverband-hainichen.de\/index.php?rest_route=%2Fwp%2Fv2%2Fmedia&parent=13"}],"curies":[{"name":"wp","href":"https:\/\/api.w.org\/{rel}","templated":true}]}}